{"id":1188,"date":"2025-08-26T09:33:46","date_gmt":"2025-08-26T09:33:46","guid":{"rendered":"https:\/\/waaaww.be\/over-ons\/"},"modified":"2025-08-26T09:50:55","modified_gmt":"2025-08-26T09:50:55","slug":"over-ons","status":"publish","type":"page","link":"https:\/\/waaaww.be\/nl\/over-ons\/","title":{"rendered":"Over ons"},"content":{"rendered":"<p>[et_pb_section fb_built=&#8221;1&#8243; _builder_version=&#8221;4.16&#8243; global_colors_info=&#8221;{}&#8221;][et_pb_row _builder_version=&#8221;4.27.4&#8243; _module_preset=&#8221;default&#8221; global_colors_info=&#8221;{}&#8221;][et_pb_column type=&#8221;4_4&#8243; _builder_version=&#8221;4.27.4&#8243; _module_preset=&#8221;default&#8221; global_colors_info=&#8221;{}&#8221;][et_pb_text _builder_version=&#8221;4.27.4&#8243; _module_preset=&#8221;default&#8221; global_colors_info=&#8221;{}&#8221;]<\/p>\n<h1>Over ons<\/h1>\n<p>[\/et_pb_text][\/et_pb_column][\/et_pb_row][et_pb_row column_structure=&#8221;1_2,1_2&#8243; _builder_version=&#8221;4.27.4&#8243; background_size=&#8221;initial&#8221; background_position=&#8221;top_left&#8221; background_repeat=&#8221;repeat&#8221; global_colors_info=&#8221;{}&#8221;][et_pb_column type=&#8221;1_2&#8243; _builder_version=&#8221;4.16&#8243; custom_padding=&#8221;|||&#8221; global_colors_info=&#8221;{}&#8221; custom_padding__hover=&#8221;|||&#8221;][et_pb_text _builder_version=&#8221;4.27.4&#8243; background_size=&#8221;initial&#8221; background_position=&#8221;top_left&#8221; background_repeat=&#8221;repeat&#8221; global_colors_info=&#8221;{}&#8221;]<\/p>\n<h2 data-start=\"0\" data-end=\"21\"><strong data-start=\"0\" data-end=\"21\">Wat ben ik?<\/strong><\/h2>\n<p data-start=\"100\" data-end=\"482\">Hallo en welkom! Ik ben Claire, <strong>een registeraccountant<\/strong> bij Poush, een dynamisch bureau gespecialiseerd in het ontwerpen van websites. Mijn dagelijkse werk draait om cijfers, financi\u00eble overzichten en bedrijfsstrategie\u00ebn. Dit rigoureuze aspect van mijn werk is <strong>een echte drijfveer voor mij,<\/strong> omdat het bijdraagt aan de soliditeit en groei van ons bureau.   <\/p>\n<p data-start=\"484\" data-end=\"1020\"><strong>Wat me<\/strong> echter <strong>fascineert<\/strong> naast de cijfers is <strong>de wereld van lifestyle<\/strong>. Tussen schoonheid, huis, koken en welzijn vind ik het geweldig om het dagelijks leven mooier te maken. Ik <strong>test<\/strong> graag <strong>nieuwe huidverzorgingsproducten<\/strong>, bedenk een cocooning sfeer voor thuis of probeer <strong>creatieve recepten<\/strong> uit om te delen met mijn geliefden. Als autodidact probeer ik <strong>altijd nieuwsgierig<\/strong> en creatief te zijn en ik zie elk moment van mijn leven als een kans om te inspireren, te leren en vooral door te geven.   <\/p>\n<p data-start=\"1022\" data-end=\"1400\">Daarom heb ik &#8216;Waaaww&#8217; gecre\u00eberd, een <strong>uitnodigende ruimte<\/strong> waar ik mijn ontdekkingen, mijn favorieten en <strong>mijn advies<\/strong> deel over hoe we ons dagelijks leven kunnen verrijken en verfraaien. Of je <strong>jezelf nu wilt verwennen<\/strong>, <strong>voor jezelf wilt zorgen<\/strong> of <strong>je<\/strong> gewoon <strong>wilt verwonderen over<\/strong> de kleine dingen om je heen, ik nodig je uit om me te volgen op dit avontuur van inspiratie en welzijn. <\/p>\n<p data-start=\"1402\" data-end=\"1552\">Via deze blog neem ik je mee in een wereld waar elk detail telt en waar schoonheid te vinden is in de eenvoud van het dagelijks leven.<\/p>\n<p>[\/et_pb_text][et_pb_text _builder_version=&#8221;4.27.4&#8243; background_size=&#8221;initial&#8221; background_position=&#8221;top_left&#8221; background_repeat=&#8221;repeat&#8221; global_colors_info=&#8221;{}&#8221;]<\/p>\n<h2 data-start=\"93\" data-end=\"119\"><strong data-start=\"93\" data-end=\"119\">Training en expertise<\/strong><\/h2>\n<p data-start=\"121\" data-end=\"491\">Naast mijn carri\u00e8re als registeraccountant heb ik de kans gehad om mijn vaardigheden te verbreden en verschillende gebieden te verkennen, van de wereld van cijfers tot de creatieve wereld van lifestyle. Mijn carri\u00e8repad heeft me in staat gesteld een solide expertise in financieel management te ontwikkelen en tegelijkertijd een passie te koesteren voor de creatieve en praktische aspecten van het dagelijks leven. <\/p>\n<h3 data-start=\"493\" data-end=\"519\">Academische opleiding  <\/h3>\n<ul>\n<li data-start=\"522\" data-end=\"610\"><strong data-start=\"522\" data-end=\"571\">Diploma boekhouden en financieel management<\/strong> &#8211; Haute \u00c9cole Lucia de Brouck\u00e8re, 2003<\/li>\n<li data-start=\"613\" data-end=\"740\"><strong data-start=\"613\" data-end=\"663\">Certificering in digitaal projectmanagement<\/strong> &#8211; (In te vullen op basis van specifieke opleidingen of behaalde certificeringen).<\/li>\n<\/ul>\n<p>[\/et_pb_text][\/et_pb_column][et_pb_column type=&#8221;1_2&#8243; _builder_version=&#8221;4.16&#8243; custom_padding=&#8221;|||&#8221; global_colors_info=&#8221;{}&#8221; custom_padding__hover=&#8221;|||&#8221;][et_pb_image src=&#8221;https:\/\/waaaww.be\/wp-content\/uploads\/2025\/07\/claire_de_frendu.jpg&#8221; alt=&#8221;claire de frendu&#8221; title_text=&#8221;claire_de_frendu&#8221; _builder_version=&#8221;4.27.4&#8243; _module_preset=&#8221;default&#8221; global_colors_info=&#8221;{}&#8221;][\/et_pb_image][et_pb_text _builder_version=&#8221;4.27.4&#8243; background_size=&#8221;initial&#8221; background_position=&#8221;top_left&#8221; background_repeat=&#8221;repeat&#8221; global_colors_info=&#8221;{}&#8221;]<\/p>\n<h3>Aanvullende training en zelfstudie  <\/h3>\n<ul>\n<li data-start=\"1135\" data-end=\"1359\"><strong data-start=\"1135\" data-end=\"1160\">Lifestyle &amp; Welzijn<\/strong>: Ik heb mezelf getraind op het gebied van interieurontwerp, cosmetica en culinaire trends, waarbij ik inspiratie put uit persoonlijke ontdekkingen en online bronnen.<\/li>\n<li data-start=\"1362\" data-end=\"1562\"><strong data-start=\"1362\" data-end=\"1397\">Contentcreatie en bloggen<\/strong>: Via workshops en online trainingen heb ik mijn kennis over digitale contentcreatie, SEO en lifestyle blogmanagement verdiept.<\/li>\n<\/ul>\n<p data-start=\"1564\" data-end=\"1931\">[\/et_pb_text][\/et_pb_column][\/et_pb_row][\/et_pb_section]<\/p>\n","protected":false},"excerpt":{"rendered":"<p>Over onsWat ben ik? Hallo en welkom! Ik ben Claire, een registeraccountant bij Poush, een dynamisch bureau gespecialiseerd in het ontwerpen van websites. Mijn dagelijkse werk draait om cijfers, financi\u00eble overzichten en bedrijfsstrategie\u00ebn. Dit rigoureuze aspect van mijn werk is een echte drijfveer voor mij, omdat het bijdraagt aan de soliditeit en groei van ons [&hellip;]<\/p>\n","protected":false},"author":8,"featured_media":0,"parent":0,"menu_order":0,"comment_status":"closed","ping_status":"closed","template":"","meta":{"_et_pb_use_builder":"on","_et_pb_old_content":"<h2 data-start=\"0\" data-end=\"21\"><strong data-start=\"0\" data-end=\"21\">Qui suis-je ?<\/strong><\/h2><p data-start=\"100\" data-end=\"482\">Bonjour et bienvenue ! Je suis Claire, <strong>experte-comptable<\/strong> chez Poush, une agence dynamique sp\u00e9cialis\u00e9e dans la cr\u00e9ation de sites web. Mon quotidien professionnel tourne autour des chiffres, des bilans financiers, et des strat\u00e9gies \u00e9conomiques. Cette dimension rigoureuse de mon m\u00e9tier est <strong>un vrai moteur pour moi,<\/strong> car elle participe \u00e0 la solidit\u00e9 et \u00e0 la croissance de notre agence.<\/p><p data-start=\"484\" data-end=\"1020\">Cependant, <strong>ce qui me passionne<\/strong> au-del\u00e0 des chiffres, c'est <strong>l\u2019univers du lifestyle<\/strong>. Entre beaut\u00e9, maison, cuisine et bien-\u00eatre, je trouve une immense joie \u00e0 sublimer le quotidien. J'adore <strong>tester de nouveaux produits<\/strong> de soin, imaginer des ambiances cocooning pour mon int\u00e9rieur, ou encore essayer des <strong>recettes cr\u00e9atives<\/strong> \u00e0 partager avec mes proches. En tant qu'autodidacte, je m'efforce d'\u00eatre <strong>toujours curieuse<\/strong> et cr\u00e9ative, et je consid\u00e8re chaque moment de la vie comme une opportunit\u00e9 d\u2019inspirer, d\u2019apprendre, et surtout, de transmettre.<\/p><p data-start=\"1022\" data-end=\"1400\">C\u2019est pour cette raison que j\u2019ai cr\u00e9\u00e9 \"Waaaww\", un <strong>espace chaleureux<\/strong> o\u00f9 je partage mes d\u00e9couvertes, mes coups de c\u0153ur, et <strong>mes conseils<\/strong> pour enrichir et embellir notre quotidien. Que ce soit pour <strong>se faire plaisir<\/strong>, <strong>prendre soin de soi<\/strong>, ou simplement <strong>s\u2019\u00e9merveiller<\/strong> des petites choses qui nous entourent, je vous invite \u00e0 me suivre dans cette aventure d'inspiration et de bien-\u00eatre.<\/p><p data-start=\"1402\" data-end=\"1552\">\u00c0 travers ce blog, je vous emm\u00e8ne dans un univers o\u00f9 chaque d\u00e9tail compte et o\u00f9 il est possible de trouver la beaut\u00e9 dans la simplicit\u00e9 du quotidien.<\/p><h2 data-start=\"93\" data-end=\"119\"><strong data-start=\"93\" data-end=\"119\">Formation et expertise<\/strong><\/h2><p data-start=\"121\" data-end=\"491\">En parall\u00e8le de ma carri\u00e8re d'experte-comptable, j\u2019ai eu l\u2019opportunit\u00e9 d\u2019\u00e9largir mes comp\u00e9tences et d\u2019explorer des domaines vari\u00e9s, allant du monde des chiffres \u00e0 l\u2019univers cr\u00e9atif du lifestyle. Mon parcours m\u2019a permis de d\u00e9velopper une expertise solide en gestion financi\u00e8re, tout en nourrissant une passion pour les aspects cr\u00e9atifs et pratiques de la vie quotidienne.<\/p><p data-start=\"493\" data-end=\"519\">Formation acad\u00e9mique :<\/p><ul><li data-start=\"522\" data-end=\"610\"><strong data-start=\"522\" data-end=\"571\">Dipl\u00f4me en Comptabilit\u00e9 et Gestion Financi\u00e8re<\/strong> \u2013 Haute \u00c9cole Lucia de Brouck\u00e8re, 2003<\/li><li data-start=\"613\" data-end=\"740\"><strong data-start=\"613\" data-end=\"663\">Certification en gestion de projets num\u00e9riques<\/strong> \u2013 (\u00c0 compl\u00e9ter selon des formations sp\u00e9cifiques ou certifications obtenues).<\/li><\/ul><p data-start=\"742\" data-end=\"776\">Comp\u00e9tences professionnelles :<\/p><ul><li data-start=\"779\" data-end=\"871\">Expert dans la gestion de la comptabilit\u00e9, des bilans financiers et des strat\u00e9gies fiscales.<\/li><li data-start=\"874\" data-end=\"970\">Expertise dans la mise en place de processus financiers pour les entreprises du secteur digital.<\/li><li data-start=\"973\" data-end=\"1080\">Accompagnement d\u2019agences et de startups dans la gestion financi\u00e8re et la structuration de leurs ressources.<\/li><\/ul><p data-start=\"1082\" data-end=\"1132\">Formations compl\u00e9mentaires et autodidactisme :<\/p><ul><li data-start=\"1135\" data-end=\"1359\"><strong data-start=\"1135\" data-end=\"1160\">Lifestyle & Bien-\u00eatre<\/strong> : Je me suis form\u00e9e de mani\u00e8re autonome dans les domaines du design d'int\u00e9rieur, de la cosm\u00e9tique et des tendances culinaires, m\u2019inspirant de mes d\u00e9couvertes personnelles et des ressources en ligne.<\/li><li data-start=\"1362\" data-end=\"1562\"><strong data-start=\"1362\" data-end=\"1397\">Cr\u00e9ation de contenu et blogging<\/strong> : \u00c0 travers des ateliers et des formations en ligne, j'ai approfondi mes connaissances en cr\u00e9ation de contenu digital, r\u00e9f\u00e9rencement et gestion de blogs lifestyle.<\/li><\/ul><p data-start=\"1564\" data-end=\"1931\">Cette fusion entre mes comp\u00e9tences en comptabilit\u00e9 et ma passion pour le lifestyle m\u2019a permis de concevoir des projets cr\u00e9atifs tout en conservant une approche professionnelle et m\u00e9thodique. Mon objectif est d\u2019allier l\u2019aspect pratique du quotidien avec une approche innovante et moderne, et de partager mes connaissances pour enrichir les exp\u00e9riences de mes lecteurs.<\/p>","_et_gb_content_width":"","footnotes":""},"class_list":["post-1188","page","type-page","status-publish","hentry"],"yoast_head":"<!-- This site is optimized with the Yoast SEO plugin v27.5 - https:\/\/yoast.com\/product\/yoast-seo-wordpress\/ -->\n<title>Claire, accountant en lifestyle liefhebber Waaaww<\/title>\n<meta name=\"description\" content=\"Maak kennis met Claire, ontwerpster van de Waaaww blog, een lifestyle enthousiasteling die haar ontdekkingen en tips deelt om het dagelijks leven mooier te maken.\" \/>\n<meta name=\"robots\" content=\"index, follow, max-snippet:-1, max-image-preview:large, max-video-preview:-1\" \/>\n<link rel=\"canonical\" href=\"https:\/\/waaaww.be\/nl\/over-ons\/\" \/>\n<meta property=\"og:locale\" content=\"nl_BE\" \/>\n<meta property=\"og:type\" content=\"article\" \/>\n<meta property=\"og:title\" content=\"Claire, accountant en lifestyle liefhebber Waaaww\" \/>\n<meta property=\"og:description\" content=\"Maak kennis met Claire, ontwerpster van de Waaaww blog, een lifestyle enthousiasteling die haar ontdekkingen en tips deelt om het dagelijks leven mooier te maken.\" \/>\n<meta property=\"og:url\" content=\"https:\/\/waaaww.be\/nl\/over-ons\/\" \/>\n<meta property=\"og:site_name\" content=\"WaaawW\" \/>\n<meta property=\"article:modified_time\" content=\"2025-08-26T09:50:55+00:00\" \/>\n<meta name=\"twitter:card\" content=\"summary_large_image\" \/>\n<meta name=\"twitter:label1\" content=\"Geschatte leestijd\" \/>\n\t<meta name=\"twitter:data1\" content=\"3 minuten\" \/>\n<script type=\"application\/ld+json\" class=\"yoast-schema-graph\">{\"@context\":\"https:\\\/\\\/schema.org\",\"@graph\":[{\"@type\":\"WebPage\",\"@id\":\"https:\\\/\\\/waaaww.be\\\/nl\\\/over-ons\\\/\",\"url\":\"https:\\\/\\\/waaaww.be\\\/nl\\\/over-ons\\\/\",\"name\":\"Claire, accountant en lifestyle liefhebber Waaaww\",\"isPartOf\":{\"@id\":\"https:\\\/\\\/waaaww.be\\\/nl\\\/#website\"},\"datePublished\":\"2025-08-26T09:33:46+00:00\",\"dateModified\":\"2025-08-26T09:50:55+00:00\",\"description\":\"Maak kennis met Claire, ontwerpster van de Waaaww blog, een lifestyle enthousiasteling die haar ontdekkingen en tips deelt om het dagelijks leven mooier te maken.\",\"breadcrumb\":{\"@id\":\"https:\\\/\\\/waaaww.be\\\/nl\\\/over-ons\\\/#breadcrumb\"},\"inLanguage\":\"nl-BE\",\"potentialAction\":[{\"@type\":\"ReadAction\",\"target\":[\"https:\\\/\\\/waaaww.be\\\/nl\\\/over-ons\\\/\"]}]},{\"@type\":\"BreadcrumbList\",\"@id\":\"https:\\\/\\\/waaaww.be\\\/nl\\\/over-ons\\\/#breadcrumb\",\"itemListElement\":[{\"@type\":\"ListItem\",\"position\":1,\"name\":\"Accueil\",\"item\":\"https:\\\/\\\/waaaww.be\\\/nl\\\/\"},{\"@type\":\"ListItem\",\"position\":2,\"name\":\"Over ons\"}]},{\"@type\":\"WebSite\",\"@id\":\"https:\\\/\\\/waaaww.be\\\/nl\\\/#website\",\"url\":\"https:\\\/\\\/waaaww.be\\\/nl\\\/\",\"name\":\"WaaawW\",\"description\":\"Le blog culinaire\",\"publisher\":{\"@id\":\"https:\\\/\\\/waaaww.be\\\/nl\\\/#organization\"},\"potentialAction\":[{\"@type\":\"SearchAction\",\"target\":{\"@type\":\"EntryPoint\",\"urlTemplate\":\"https:\\\/\\\/waaaww.be\\\/nl\\\/?s={search_term_string}\"},\"query-input\":{\"@type\":\"PropertyValueSpecification\",\"valueRequired\":true,\"valueName\":\"search_term_string\"}}],\"inLanguage\":\"nl-BE\"},{\"@type\":\"Organization\",\"@id\":\"https:\\\/\\\/waaaww.be\\\/nl\\\/#organization\",\"name\":\"WaaawW\",\"url\":\"https:\\\/\\\/waaaww.be\\\/nl\\\/\",\"logo\":{\"@type\":\"ImageObject\",\"inLanguage\":\"nl-BE\",\"@id\":\"https:\\\/\\\/waaaww.be\\\/nl\\\/#\\\/schema\\\/logo\\\/image\\\/\",\"url\":\"https:\\\/\\\/waaaww.be\\\/wp-content\\\/uploads\\\/2022\\\/09\\\/spices.webp\",\"contentUrl\":\"https:\\\/\\\/waaaww.be\\\/wp-content\\\/uploads\\\/2022\\\/09\\\/spices.webp\",\"width\":1600,\"height\":1067,\"caption\":\"WaaawW\"},\"image\":{\"@id\":\"https:\\\/\\\/waaaww.be\\\/nl\\\/#\\\/schema\\\/logo\\\/image\\\/\"}}]}<\/script>\n<!-- \/ Yoast SEO plugin. -->","yoast_head_json":{"title":"Claire, accountant en lifestyle liefhebber Waaaww","description":"Maak kennis met Claire, ontwerpster van de Waaaww blog, een lifestyle enthousiasteling die haar ontdekkingen en tips deelt om het dagelijks leven mooier te maken.","robots":{"index":"index","follow":"follow","max-snippet":"max-snippet:-1","max-image-preview":"max-image-preview:large","max-video-preview":"max-video-preview:-1"},"canonical":"https:\/\/waaaww.be\/nl\/over-ons\/","og_locale":"nl_BE","og_type":"article","og_title":"Claire, accountant en lifestyle liefhebber Waaaww","og_description":"Maak kennis met Claire, ontwerpster van de Waaaww blog, een lifestyle enthousiasteling die haar ontdekkingen en tips deelt om het dagelijks leven mooier te maken.","og_url":"https:\/\/waaaww.be\/nl\/over-ons\/","og_site_name":"WaaawW","article_modified_time":"2025-08-26T09:50:55+00:00","twitter_card":"summary_large_image","twitter_misc":{"Geschatte leestijd":"3 minuten"},"schema":{"@context":"https:\/\/schema.org","@graph":[{"@type":"WebPage","@id":"https:\/\/waaaww.be\/nl\/over-ons\/","url":"https:\/\/waaaww.be\/nl\/over-ons\/","name":"Claire, accountant en lifestyle liefhebber Waaaww","isPartOf":{"@id":"https:\/\/waaaww.be\/nl\/#website"},"datePublished":"2025-08-26T09:33:46+00:00","dateModified":"2025-08-26T09:50:55+00:00","description":"Maak kennis met Claire, ontwerpster van de Waaaww blog, een lifestyle enthousiasteling die haar ontdekkingen en tips deelt om het dagelijks leven mooier te maken.","breadcrumb":{"@id":"https:\/\/waaaww.be\/nl\/over-ons\/#breadcrumb"},"inLanguage":"nl-BE","potentialAction":[{"@type":"ReadAction","target":["https:\/\/waaaww.be\/nl\/over-ons\/"]}]},{"@type":"BreadcrumbList","@id":"https:\/\/waaaww.be\/nl\/over-ons\/#breadcrumb","itemListElement":[{"@type":"ListItem","position":1,"name":"Accueil","item":"https:\/\/waaaww.be\/nl\/"},{"@type":"ListItem","position":2,"name":"Over ons"}]},{"@type":"WebSite","@id":"https:\/\/waaaww.be\/nl\/#website","url":"https:\/\/waaaww.be\/nl\/","name":"WaaawW","description":"Le blog culinaire","publisher":{"@id":"https:\/\/waaaww.be\/nl\/#organization"},"potentialAction":[{"@type":"SearchAction","target":{"@type":"EntryPoint","urlTemplate":"https:\/\/waaaww.be\/nl\/?s={search_term_string}"},"query-input":{"@type":"PropertyValueSpecification","valueRequired":true,"valueName":"search_term_string"}}],"inLanguage":"nl-BE"},{"@type":"Organization","@id":"https:\/\/waaaww.be\/nl\/#organization","name":"WaaawW","url":"https:\/\/waaaww.be\/nl\/","logo":{"@type":"ImageObject","inLanguage":"nl-BE","@id":"https:\/\/waaaww.be\/nl\/#\/schema\/logo\/image\/","url":"https:\/\/waaaww.be\/wp-content\/uploads\/2022\/09\/spices.webp","contentUrl":"https:\/\/waaaww.be\/wp-content\/uploads\/2022\/09\/spices.webp","width":1600,"height":1067,"caption":"WaaawW"},"image":{"@id":"https:\/\/waaaww.be\/nl\/#\/schema\/logo\/image\/"}}]}},"jetpack_sharing_enabled":true,"_links":{"self":[{"href":"https:\/\/waaaww.be\/nl\/wp-json\/wp\/v2\/pages\/1188","targetHints":{"allow":["GET"]}}],"collection":[{"href":"https:\/\/waaaww.be\/nl\/wp-json\/wp\/v2\/pages"}],"about":[{"href":"https:\/\/waaaww.be\/nl\/wp-json\/wp\/v2\/types\/page"}],"author":[{"embeddable":true,"href":"https:\/\/waaaww.be\/nl\/wp-json\/wp\/v2\/users\/8"}],"replies":[{"embeddable":true,"href":"https:\/\/waaaww.be\/nl\/wp-json\/wp\/v2\/comments?post=1188"}],"version-history":[{"count":13,"href":"https:\/\/waaaww.be\/nl\/wp-json\/wp\/v2\/pages\/1188\/revisions"}],"predecessor-version":[{"id":1209,"href":"https:\/\/waaaww.be\/nl\/wp-json\/wp\/v2\/pages\/1188\/revisions\/1209"}],"wp:attachment":[{"href":"https:\/\/waaaww.be\/nl\/wp-json\/wp\/v2\/media?parent=1188"}],"curies":[{"name":"wp","href":"https:\/\/api.w.org\/{rel}","templated":true}]}}